{"id":118,"date":"2019-10-24T14:29:11","date_gmt":"2019-10-24T12:29:11","guid":{"rendered":"http:\/\/osobowoscroku.pl\/?page_id=118"},"modified":"2025-10-17T12:41:44","modified_gmt":"2025-10-17T10:41:44","slug":"kontakt","status":"publish","type":"page","link":"https:\/\/osobowoscroku.pl\/index.php\/kontakt\/","title":{"rendered":"Kontakt"},"content":{"rendered":"<div class=\"wpb-content-wrapper\"><p>[vc_row bg_type=&#8221;image&#8221; parallax_style=&#8221;vcpb-default&#8221; bg_image_new=&#8221;id^23|url^http:\/\/osobowoscroku.pl\/wp-content\/uploads\/2019\/10\/ludzie-kv.png|caption^null|alt^null|title^ludzie-kv|description^null&#8221; bg_image_repeat=&#8221;no-repeat&#8221; bg_img_attach=&#8221;fixed&#8221; bg_override=&#8221;ex-full&#8221;][vc_column]<div class=\"ult-spacer spacer-69e7322aa8673\" data-id=\"69e7322aa8673\" data-height=\"100\" data-height-mobile=\"100\" data-height-tab=\"100\" data-height-tab-portrait=\"\" data-height-mobile-landscape=\"\" style=\"clear:both;display:block;\"><\/div>[vc_column_text]<\/p>\n<h1 style=\"text-align: center;\"><span style=\"color: #ffffff;\">Kontakt<\/span><\/h1>\n<p>[\/vc_column_text]<div class=\"ult-spacer spacer-69e7322aa8683\" data-id=\"69e7322aa8683\" data-height=\"100\" data-height-mobile=\"100\" data-height-tab=\"100\" data-height-tab-portrait=\"\" data-height-mobile-landscape=\"\" style=\"clear:both;display:block;\"><\/div>[\/vc_column][\/vc_row][vc_row][vc_column]<div class=\"ult-spacer spacer-69e7322aa868b\" data-id=\"69e7322aa868b\" data-height=\"50\" data-height-mobile=\"50\" data-height-tab=\"50\" data-height-tab-portrait=\"\" data-height-mobile-landscape=\"\" style=\"clear:both;display:block;\"><\/div>[vc_column_text css=&#8221;&#8221;]Zg\u0142oszenia s\u0105 przyjmowane drog\u0105 elektroniczn\u0105 lub pocztow\u0105 na Formularzach zg\u0142oszeniowych na stronach internetowych organizator\u00f3w. Organizatorzy opublikuj\u0105 na swoich stronach internetowych list\u0119 os\u00f3b nominowanych do Tytu\u0142u. Zg\u0142oszenia nie s\u0105 obj\u0119te \u017cadnymi op\u0142atami.<\/p>\n<p>W bie\u017c\u0105cej edycji Konkursu <strong>OSOBOWO\u015a\u0106 ROKU<\/strong>, zg\u0142oszenia kandydat\u00f3w musz\u0105 dotrze\u0107 do Organizator\u00f3w, nie p\u00f3\u017aniej ni\u017c do 31 pa\u017adziernika 2025 roku.[\/vc_column_text][vc_column_text]Kontakt z Organizatorami: <a href=\"mailto:biuro@pzpo.pl\">biuro@pzpo.pl<\/a>[\/vc_column_text][\/vc_column][\/vc_row][vc_row][vc_column]<div class=\"ult-spacer spacer-69e7322aa8692\" data-id=\"69e7322aa8692\" data-height=\"50\" data-height-mobile=\"50\" data-height-tab=\"50\" data-height-tab-portrait=\"\" data-height-mobile-landscape=\"\" style=\"clear:both;display:block;\"><\/div>[\/vc_column][\/vc_row]<\/p>\n<\/div>","protected":false},"excerpt":{"rendered":"<p class=\"card-text\">[vc_row bg_type=&#8221;image&#8221; parallax_style=&#8221;vcpb-default&#8221; bg_image_new=&#8221;id^23|url^http:\/\/osobowoscroku.pl\/wp-content\/uploads\/2019\/10\/ludzie-kv.png|caption^null|alt^null|title^ludzie-kv|description^null&#8221; bg_image_repeat=&#8221;no-repeat&#8221; bg_img_attach=&#8221;fixed&#8221; bg_override=&#8221;ex-full&#8221;][vc_column][vc_column_text] Kontakt [\/vc_column_text][\/vc_column][\/vc_row][vc_row][vc_column][vc_column_text css=&#8221;&#8221;]Zg\u0142oszenia s\u0105 przyjmowane drog\u0105 elektroniczn\u0105 lub pocztow\u0105 na Formularzach zg\u0142oszeniowych na stronach internetowych organizator\u00f3w. Organizatorzy opublikuj\u0105 na swoich stronach internetowych list\u0119 os\u00f3b nominowanych do Tytu\u0142u. Zg\u0142oszenia nie s\u0105 obj\u0119te \u017cadnymi op\u0142atami. W bie\u017c\u0105cej edycji Konkursu OSOBOWO\u015a\u0106 ROKU, zg\u0142oszenia kandydat\u00f3w musz\u0105 dotrze\u0107 do Organizator\u00f3w, nie p\u00f3\u017aniej ni\u017c [&#8230;]<\/p>\n<p class=\"m-0\"><a class=\"btn btn-outline-secondary btn-read-more\" href=\"https:\/\/osobowoscroku.pl\/index.php\/kontakt\/\">Read More<\/a><\/p>\n","protected":false},"author":1,"featured_media":0,"parent":0,"menu_order":0,"comment_status":"closed","ping_status":"closed","template":"","meta":{"footnotes":""},"class_list":["post-118","page","type-page","status-publish","hentry"],"yoast_head":"<!-- This site is optimized with the Yoast SEO plugin v25.9 - https:\/\/yoast.com\/wordpress\/plugins\/seo\/ -->\n<title>Kontakt - Osobowo\u015b\u0107 Roku<\/title>\n<meta name=\"robots\" content=\"index, follow, max-snippet:-1, max-image-preview:large, max-video-preview:-1\" \/>\n<link rel=\"canonical\" href=\"https:\/\/osobowoscroku.pl\/index.php\/kontakt\/\" \/>\n<meta property=\"og:locale\" content=\"pl_PL\" \/>\n<meta property=\"og:type\" content=\"article\" \/>\n<meta property=\"og:title\" content=\"Kontakt - Osobowo\u015b\u0107 Roku\" \/>\n<meta property=\"og:description\" content=\"[vc_row bg_type=&#8221;image&#8221; parallax_style=&#8221;vcpb-default&#8221; bg_image_new=&#8221;id^23|url^http:\/\/osobowoscroku.pl\/wp-content\/uploads\/2019\/10\/ludzie-kv.png|caption^null|alt^null|title^ludzie-kv|description^null&#8221; bg_image_repeat=&#8221;no-repeat&#8221; bg_img_attach=&#8221;fixed&#8221; bg_override=&#8221;ex-full&#8221;][vc_column][vc_column_text] Kontakt [\/vc_column_text][\/vc_column][\/vc_row][vc_row][vc_column][vc_column_text css=&#8221;&#8221;]Zg\u0142oszenia s\u0105 przyjmowane drog\u0105 elektroniczn\u0105 lub pocztow\u0105 na Formularzach zg\u0142oszeniowych na stronach internetowych organizator\u00f3w. Organizatorzy opublikuj\u0105 na swoich stronach internetowych list\u0119 os\u00f3b nominowanych do Tytu\u0142u. Zg\u0142oszenia nie s\u0105 obj\u0119te \u017cadnymi op\u0142atami. W bie\u017c\u0105cej edycji Konkursu OSOBOWO\u015a\u0106 ROKU, zg\u0142oszenia kandydat\u00f3w musz\u0105 dotrze\u0107 do Organizator\u00f3w, nie p\u00f3\u017aniej ni\u017c [...]Read More\" \/>\n<meta property=\"og:url\" content=\"https:\/\/osobowoscroku.pl\/index.php\/kontakt\/\" \/>\n<meta property=\"og:site_name\" content=\"Osobowo\u015b\u0107 Roku\" \/>\n<meta property=\"article:modified_time\" content=\"2025-10-17T10:41:44+00:00\" \/>\n<meta name=\"twitter:card\" content=\"summary_large_image\" \/>\n<meta name=\"twitter:label1\" content=\"Szacowany czas czytania\" \/>\n\t<meta name=\"twitter:data1\" content=\"1 minuta\" \/>\n<script type=\"application\/ld+json\" class=\"yoast-schema-graph\">{\"@context\":\"https:\/\/schema.org\",\"@graph\":[{\"@type\":\"WebPage\",\"@id\":\"https:\/\/osobowoscroku.pl\/index.php\/kontakt\/\",\"url\":\"https:\/\/osobowoscroku.pl\/index.php\/kontakt\/\",\"name\":\"Kontakt - Osobowo\u015b\u0107 Roku\",\"isPartOf\":{\"@id\":\"https:\/\/osobowoscroku.pl\/#website\"},\"datePublished\":\"2019-10-24T12:29:11+00:00\",\"dateModified\":\"2025-10-17T10:41:44+00:00\",\"breadcrumb\":{\"@id\":\"https:\/\/osobowoscroku.pl\/index.php\/kontakt\/#breadcrumb\"},\"inLanguage\":\"pl-PL\",\"potentialAction\":[{\"@type\":\"ReadAction\",\"target\":[\"https:\/\/osobowoscroku.pl\/index.php\/kontakt\/\"]}]},{\"@type\":\"BreadcrumbList\",\"@id\":\"https:\/\/osobowoscroku.pl\/index.php\/kontakt\/#breadcrumb\",\"itemListElement\":[{\"@type\":\"ListItem\",\"position\":1,\"name\":\"Strona g\u0142\u00f3wna\",\"item\":\"https:\/\/osobowoscroku.pl\/\"},{\"@type\":\"ListItem\",\"position\":2,\"name\":\"Kontakt\"}]},{\"@type\":\"WebSite\",\"@id\":\"https:\/\/osobowoscroku.pl\/#website\",\"url\":\"https:\/\/osobowoscroku.pl\/\",\"name\":\"Osobowo\u015b\u0107 Roku\",\"description\":\"Celem konkursu jest szeroka promocja os\u00f3b, kt\u00f3re wnios\u0142y istotny wk\u0142ad w rozw\u00f3j i propagowanie nowych rozwi\u0105za\u0144, tak technicznych, jak i organizacyjnych oraz systemowych w zakresie elektrotechniki, elektroenergetyki, teletechniki i o\u015bwietlenia w Polsce, sprawienie, aby nie by\u0142y one anonimowe i mog\u0142y stanowi\u0107 wz\u00f3r do na\u015bladowania dla innych.\",\"publisher\":{\"@id\":\"https:\/\/osobowoscroku.pl\/#organization\"},\"potentialAction\":[{\"@type\":\"SearchAction\",\"target\":{\"@type\":\"EntryPoint\",\"urlTemplate\":\"https:\/\/osobowoscroku.pl\/?s={search_term_string}\"},\"query-input\":{\"@type\":\"PropertyValueSpecification\",\"valueRequired\":true,\"valueName\":\"search_term_string\"}}],\"inLanguage\":\"pl-PL\"},{\"@type\":\"Organization\",\"@id\":\"https:\/\/osobowoscroku.pl\/#organization\",\"name\":\"Osobowo\u015b\u0107 Roku\",\"url\":\"https:\/\/osobowoscroku.pl\/\",\"logo\":{\"@type\":\"ImageObject\",\"inLanguage\":\"pl-PL\",\"@id\":\"https:\/\/osobowoscroku.pl\/#\/schema\/logo\/image\/\",\"url\":\"http:\/\/osobowoscroku.pl\/wp-content\/uploads\/2019\/10\/logo-OR.png\",\"contentUrl\":\"http:\/\/osobowoscroku.pl\/wp-content\/uploads\/2019\/10\/logo-OR.png\",\"width\":230,\"height\":70,\"caption\":\"Osobowo\u015b\u0107 Roku\"},\"image\":{\"@id\":\"https:\/\/osobowoscroku.pl\/#\/schema\/logo\/image\/\"}}]}<\/script>\n<!-- \/ Yoast SEO plugin. -->","yoast_head_json":{"title":"Kontakt - Osobowo\u015b\u0107 Roku","robots":{"index":"index","follow":"follow","max-snippet":"max-snippet:-1","max-image-preview":"max-image-preview:large","max-video-preview":"max-video-preview:-1"},"canonical":"https:\/\/osobowoscroku.pl\/index.php\/kontakt\/","og_locale":"pl_PL","og_type":"article","og_title":"Kontakt - Osobowo\u015b\u0107 Roku","og_description":"[vc_row bg_type=&#8221;image&#8221; parallax_style=&#8221;vcpb-default&#8221; bg_image_new=&#8221;id^23|url^http:\/\/osobowoscroku.pl\/wp-content\/uploads\/2019\/10\/ludzie-kv.png|caption^null|alt^null|title^ludzie-kv|description^null&#8221; bg_image_repeat=&#8221;no-repeat&#8221; bg_img_attach=&#8221;fixed&#8221; bg_override=&#8221;ex-full&#8221;][vc_column][vc_column_text] Kontakt [\/vc_column_text][\/vc_column][\/vc_row][vc_row][vc_column][vc_column_text css=&#8221;&#8221;]Zg\u0142oszenia s\u0105 przyjmowane drog\u0105 elektroniczn\u0105 lub pocztow\u0105 na Formularzach zg\u0142oszeniowych na stronach internetowych organizator\u00f3w. Organizatorzy opublikuj\u0105 na swoich stronach internetowych list\u0119 os\u00f3b nominowanych do Tytu\u0142u. Zg\u0142oszenia nie s\u0105 obj\u0119te \u017cadnymi op\u0142atami. W bie\u017c\u0105cej edycji Konkursu OSOBOWO\u015a\u0106 ROKU, zg\u0142oszenia kandydat\u00f3w musz\u0105 dotrze\u0107 do Organizator\u00f3w, nie p\u00f3\u017aniej ni\u017c [...]Read More","og_url":"https:\/\/osobowoscroku.pl\/index.php\/kontakt\/","og_site_name":"Osobowo\u015b\u0107 Roku","article_modified_time":"2025-10-17T10:41:44+00:00","twitter_card":"summary_large_image","twitter_misc":{"Szacowany czas czytania":"1 minuta"},"schema":{"@context":"https:\/\/schema.org","@graph":[{"@type":"WebPage","@id":"https:\/\/osobowoscroku.pl\/index.php\/kontakt\/","url":"https:\/\/osobowoscroku.pl\/index.php\/kontakt\/","name":"Kontakt - Osobowo\u015b\u0107 Roku","isPartOf":{"@id":"https:\/\/osobowoscroku.pl\/#website"},"datePublished":"2019-10-24T12:29:11+00:00","dateModified":"2025-10-17T10:41:44+00:00","breadcrumb":{"@id":"https:\/\/osobowoscroku.pl\/index.php\/kontakt\/#breadcrumb"},"inLanguage":"pl-PL","potentialAction":[{"@type":"ReadAction","target":["https:\/\/osobowoscroku.pl\/index.php\/kontakt\/"]}]},{"@type":"BreadcrumbList","@id":"https:\/\/osobowoscroku.pl\/index.php\/kontakt\/#breadcrumb","itemListElement":[{"@type":"ListItem","position":1,"name":"Strona g\u0142\u00f3wna","item":"https:\/\/osobowoscroku.pl\/"},{"@type":"ListItem","position":2,"name":"Kontakt"}]},{"@type":"WebSite","@id":"https:\/\/osobowoscroku.pl\/#website","url":"https:\/\/osobowoscroku.pl\/","name":"Osobowo\u015b\u0107 Roku","description":"Celem konkursu jest szeroka promocja os\u00f3b, kt\u00f3re wnios\u0142y istotny wk\u0142ad w rozw\u00f3j i propagowanie nowych rozwi\u0105za\u0144, tak technicznych, jak i organizacyjnych oraz systemowych w zakresie elektrotechniki, elektroenergetyki, teletechniki i o\u015bwietlenia w Polsce, sprawienie, aby nie by\u0142y one anonimowe i mog\u0142y stanowi\u0107 wz\u00f3r do na\u015bladowania dla innych.","publisher":{"@id":"https:\/\/osobowoscroku.pl\/#organization"},"potentialAction":[{"@type":"SearchAction","target":{"@type":"EntryPoint","urlTemplate":"https:\/\/osobowoscroku.pl\/?s={search_term_string}"},"query-input":{"@type":"PropertyValueSpecification","valueRequired":true,"valueName":"search_term_string"}}],"inLanguage":"pl-PL"},{"@type":"Organization","@id":"https:\/\/osobowoscroku.pl\/#organization","name":"Osobowo\u015b\u0107 Roku","url":"https:\/\/osobowoscroku.pl\/","logo":{"@type":"ImageObject","inLanguage":"pl-PL","@id":"https:\/\/osobowoscroku.pl\/#\/schema\/logo\/image\/","url":"http:\/\/osobowoscroku.pl\/wp-content\/uploads\/2019\/10\/logo-OR.png","contentUrl":"http:\/\/osobowoscroku.pl\/wp-content\/uploads\/2019\/10\/logo-OR.png","width":230,"height":70,"caption":"Osobowo\u015b\u0107 Roku"},"image":{"@id":"https:\/\/osobowoscroku.pl\/#\/schema\/logo\/image\/"}}]}},"_links":{"self":[{"href":"https:\/\/osobowoscroku.pl\/index.php\/wp-json\/wp\/v2\/pages\/118","targetHints":{"allow":["GET"]}}],"collection":[{"href":"https:\/\/osobowoscroku.pl\/index.php\/wp-json\/wp\/v2\/pages"}],"about":[{"href":"https:\/\/osobowoscroku.pl\/index.php\/wp-json\/wp\/v2\/types\/page"}],"author":[{"embeddable":true,"href":"https:\/\/osobowoscroku.pl\/index.php\/wp-json\/wp\/v2\/users\/1"}],"replies":[{"embeddable":true,"href":"https:\/\/osobowoscroku.pl\/index.php\/wp-json\/wp\/v2\/comments?post=118"}],"version-history":[{"count":7,"href":"https:\/\/osobowoscroku.pl\/index.php\/wp-json\/wp\/v2\/pages\/118\/revisions"}],"predecessor-version":[{"id":543,"href":"https:\/\/osobowoscroku.pl\/index.php\/wp-json\/wp\/v2\/pages\/118\/revisions\/543"}],"wp:attachment":[{"href":"https:\/\/osobowoscroku.pl\/index.php\/wp-json\/wp\/v2\/media?parent=118"}],"curies":[{"name":"wp","href":"https:\/\/api.w.org\/{rel}","templated":true}]}}