{"id":58,"date":"2019-10-24T12:51:10","date_gmt":"2019-10-24T10:51:10","guid":{"rendered":"http:\/\/osobowoscroku.pl\/?page_id=58"},"modified":"2025-06-23T12:20:03","modified_gmt":"2025-06-23T10:20:03","slug":"zgloszenie","status":"publish","type":"page","link":"https:\/\/osobowoscroku.pl\/index.php\/zgloszenie\/","title":{"rendered":"Zg\u0142oszenie"},"content":{"rendered":"<div class=\"wpb-content-wrapper\"><p>[vc_row bg_type=&#8221;image&#8221; parallax_style=&#8221;vcpb-default&#8221; bg_image_new=&#8221;id^23|url^http:\/\/osobowoscroku.pl\/wp-content\/uploads\/2019\/10\/ludzie-kv.png|caption^null|alt^null|title^ludzie-kv|description^null&#8221; bg_image_repeat=&#8221;no-repeat&#8221; bg_img_attach=&#8221;fixed&#8221; bg_override=&#8221;ex-full&#8221;][vc_column]<div class=\"ult-spacer spacer-69e3741f7531b\" data-id=\"69e3741f7531b\" data-height=\"100\" data-height-mobile=\"100\" data-height-tab=\"100\" data-height-tab-portrait=\"\" data-height-mobile-landscape=\"\" style=\"clear:both;display:block;\"><\/div><div id=\"ultimate-heading-938469e3741f75371\" class=\"uvc-heading ult-adjust-bottom-margin ultimate-heading-938469e3741f75371 uvc-1749 \" data-hspacer=\"no_spacer\"  data-halign=\"center\" style=\"text-align:center\"><div class=\"uvc-heading-spacer no_spacer\" style=\"top\"><\/div><div class=\"uvc-main-heading ult-responsive\"  data-ultimate-target='.uvc-heading.ultimate-heading-938469e3741f75371 h1'  data-responsive-json-new='{\"font-size\":\"desktop:70px;tablet:70px;tablet_portrait:60px;mobile_landscape:50px;mobile:50px;\",\"line-height\":\"desktop:70px;tablet:70px;tablet_portrait:60px;mobile_landscape:50px;mobile:50px;\"}' ><h1 style=\"font-family:&#039;Montserrat&#039;;font-weight:900;color:#ffffff;\">Zg\u0142oszenie<\/h1><\/div><\/div><div class=\"ult-spacer spacer-69e3741f753a5\" data-id=\"69e3741f753a5\" data-height=\"150\" data-height-mobile=\"150\" data-height-tab=\"150\" data-height-tab-portrait=\"\" data-height-mobile-landscape=\"\" style=\"clear:both;display:block;\"><\/div>[\/vc_column][\/vc_row][vc_row][vc_column]<div class=\"ult-spacer spacer-69e3741f753af\" data-id=\"69e3741f753af\" data-height=\"50\" data-height-mobile=\"50\" data-height-tab=\"50\" data-height-tab-portrait=\"\" data-height-mobile-landscape=\"\" style=\"clear:both;display:block;\"><\/div>[vc_column_text]<\/p>\n<h4>Za\u0142o\u017cenia konkursu<\/h4>\n<p>[\/vc_column_text][vc_column_text]<strong>Konkurs OSOBOWO\u015a\u0106 ROKU<\/strong> ma na celu wyr\u00f3\u017cnienie i promowanie tw\u00f3rc\u00f3w wdro\u017conych, innowacyjnych rozwi\u0105za\u0144 i przedsi\u0119wzi\u0119\u0107 techniczo-gospodarczych oraz promocj\u0119 i popularyzowanie dorobku tw\u00f3rc\u00f3w techniki, nauki i nowoczesnej gospodarki.<\/p>\n<p>Nagroda OSOBOWO\u015a\u0106 ROKU ma uhonorowa\u0107 dzia\u0142alno\u015b\u0107 i aktywno\u015b\u0107 os\u00f3b fizycznych, kt\u00f3re przyczyni\u0142y si\u0119 do rozwoju bran\u017cy elektrotechnicznej, elektroenergetycznej, teletechnicznej i o\u015bwietleniowej poprzez swoj\u0105 dzia\u0142alno\u015b\u0107 w obszarze nauki, przemys\u0142u, us\u0142ug, popularyzacji wiedzy a tak\u017ce prawa, normalizacji i kszta\u0142towania przedsi\u0119biorczo\u015bci w Polsce, w roku zg\u0142oszenia i w dw\u00f3ch latach poprzednich (zgodnie z Regulaminem Konkursu).[\/vc_column_text][\/vc_column][\/vc_row][vc_row][vc_column]<div class=\"ult-spacer spacer-69e3741f753b6\" data-id=\"69e3741f753b6\" data-height=\"50\" data-height-mobile=\"50\" data-height-tab=\"50\" data-height-tab-portrait=\"\" data-height-mobile-landscape=\"\" style=\"clear:both;display:block;\"><\/div>[vc_column_text]<\/p>\n<h4>Jak dokona\u0107 zg\u0142oszenia do konkursu OSOBOWO\u015a\u0106 ROKU?<\/h4>\n<p>[\/vc_column_text][vc_column_text]<\/p>\n<ol>\n<li>Pobierz formularz w PDF lub DOC<\/li>\n<li>Wype\u0142nij pobrany formularz<\/li>\n<li>Ode\u015blij wype\u0142niony formularz na adres: <a href=\"mailto:konkurs@osobowoscroku.pl\">konkurs@osobowoscroku.pl<\/a><\/li>\n<\/ol>\n<p>Na zg\u0142oszenia czekamy do 31 pa\u017adziernika br.[\/vc_column_text][\/vc_column][\/vc_row][vc_row][vc_column]<div class=\"ult-spacer spacer-69e3741f753bc\" data-id=\"69e3741f753bc\" data-height=\"50\" data-height-mobile=\"50\" data-height-tab=\"50\" data-height-tab-portrait=\"\" data-height-mobile-landscape=\"\" style=\"clear:both;display:block;\"><\/div>[vc_column_text]<\/p>\n<h4>Dokumenty do pobrania:<\/h4>\n<p>[\/vc_column_text][vc_btn title=&#8221;Pobierz formularz w PDF&#8221; style=&#8221;gradient&#8221; gradient_color_1=&#8221;violet&#8221; gradient_color_2=&#8221;sky&#8221; shape=&#8221;round&#8221; size=&#8221;lg&#8221; i_icon_fontawesome=&#8221;&#8221; add_icon=&#8221;true&#8221; link=&#8221;url:https%3A%2F%2Fosobowoscroku.pl%2Fwp-content%2Fuploads%2F2025%2F05%2Fformularz-zgloszeniowy-osobowosc-roku-2025.pdf|target:_blank&#8221; css=&#8221;.vc_custom_1748252072827{margin-right: 20px !important;}&#8221;][vc_btn title=&#8221;Pobierz formularz w DOC&#8221; style=&#8221;gradient&#8221; gradient_color_1=&#8221;violet&#8221; gradient_color_2=&#8221;sky&#8221; shape=&#8221;round&#8221; size=&#8221;lg&#8221; i_icon_fontawesome=&#8221;&#8221; add_icon=&#8221;true&#8221; link=&#8221;url:https%3A%2F%2Fosobowoscroku.pl%2Fwp-content%2Fuploads%2F2025%2F05%2Fformularz-zgloszeniowy-osobowosc-roku-2025.doc|target:_blank&#8221; css=&#8221;.vc_custom_1748252065586{margin-right: 20px !important;}&#8221;][vc_btn title=&#8221;Pobierz regulamin w PDF&#8221; style=&#8221;gradient&#8221; gradient_color_1=&#8221;violet&#8221; gradient_color_2=&#8221;sky&#8221; shape=&#8221;round&#8221; size=&#8221;lg&#8221; i_icon_fontawesome=&#8221;&#8221; add_icon=&#8221;true&#8221; link=&#8221;url:https%3A%2F%2Fosobowoscroku.pl%2Fwp-content%2Fuploads%2F2025%2F06%2Fregulamin-przyznawania-tytulu-osobowosc-roku-2025_.pdf|target:_blank&#8221; css=&#8221;.vc_custom_1750673983134{margin-right: 20px !important;}&#8221;][vc_btn title=&#8221;Pobierz kryteria w PDF&#8221; style=&#8221;gradient&#8221; gradient_color_1=&#8221;violet&#8221; gradient_color_2=&#8221;sky&#8221; shape=&#8221;round&#8221; size=&#8221;lg&#8221; i_icon_fontawesome=&#8221;&#8221; add_icon=&#8221;true&#8221; link=&#8221;url:https%3A%2F%2Fosobowoscroku.pl%2Fwp-content%2Fuploads%2F2025%2F06%2Fkryteria-przyznawania-tytulu-za-2025.pdf|target:_blank&#8221; css=&#8221;.vc_custom_1750674002143{margin-right: 20px !important;}&#8221;][\/vc_column][\/vc_row][vc_row][vc_column]<div class=\"ult-spacer spacer-69e3741f753c2\" data-id=\"69e3741f753c2\" data-height=\"50\" data-height-mobile=\"50\" data-height-tab=\"50\" data-height-tab-portrait=\"\" data-height-mobile-landscape=\"\" style=\"clear:both;display:block;\"><\/div>[\/vc_column][\/vc_row]<\/p>\n<\/div>","protected":false},"excerpt":{"rendered":"<p class=\"card-text\">[vc_row bg_type=&#8221;image&#8221; parallax_style=&#8221;vcpb-default&#8221; bg_image_new=&#8221;id^23|url^http:\/\/osobowoscroku.pl\/wp-content\/uploads\/2019\/10\/ludzie-kv.png|caption^null|alt^null|title^ludzie-kv|description^null&#8221; bg_image_repeat=&#8221;no-repeat&#8221; bg_img_attach=&#8221;fixed&#8221; bg_override=&#8221;ex-full&#8221;][vc_column][\/vc_column][\/vc_row][vc_row][vc_column][vc_column_text] Za\u0142o\u017cenia konkursu [\/vc_column_text][vc_column_text]Konkurs OSOBOWO\u015a\u0106 ROKU ma na celu wyr\u00f3\u017cnienie i promowanie tw\u00f3rc\u00f3w wdro\u017conych, innowacyjnych rozwi\u0105za\u0144 i przedsi\u0119wzi\u0119\u0107 techniczo-gospodarczych oraz promocj\u0119 i popularyzowanie dorobku tw\u00f3rc\u00f3w techniki, nauki i nowoczesnej gospodarki. Nagroda OSOBOWO\u015a\u0106 ROKU ma uhonorowa\u0107 dzia\u0142alno\u015b\u0107 i aktywno\u015b\u0107 os\u00f3b fizycznych, kt\u00f3re przyczyni\u0142y si\u0119 do rozwoju bran\u017cy elektrotechnicznej, elektroenergetycznej, teletechnicznej [&#8230;]<\/p>\n<p class=\"m-0\"><a class=\"btn btn-outline-secondary btn-read-more\" href=\"https:\/\/osobowoscroku.pl\/index.php\/zgloszenie\/\">Read More<\/a><\/p>\n","protected":false},"author":1,"featured_media":0,"parent":0,"menu_order":0,"comment_status":"closed","ping_status":"closed","template":"","meta":{"footnotes":""},"class_list":["post-58","page","type-page","status-publish","hentry"],"yoast_head":"<!-- This site is optimized with the Yoast SEO plugin v25.9 - https:\/\/yoast.com\/wordpress\/plugins\/seo\/ -->\n<title>Zg\u0142oszenie - Osobowo\u015b\u0107 Roku<\/title>\n<meta name=\"robots\" content=\"index, follow, max-snippet:-1, max-image-preview:large, max-video-preview:-1\" \/>\n<link rel=\"canonical\" href=\"https:\/\/osobowoscroku.pl\/index.php\/zgloszenie\/\" \/>\n<meta property=\"og:locale\" content=\"pl_PL\" \/>\n<meta property=\"og:type\" content=\"article\" \/>\n<meta property=\"og:title\" content=\"Zg\u0142oszenie - Osobowo\u015b\u0107 Roku\" \/>\n<meta property=\"og:description\" content=\"[vc_row bg_type=&#8221;image&#8221; parallax_style=&#8221;vcpb-default&#8221; bg_image_new=&#8221;id^23|url^http:\/\/osobowoscroku.pl\/wp-content\/uploads\/2019\/10\/ludzie-kv.png|caption^null|alt^null|title^ludzie-kv|description^null&#8221; bg_image_repeat=&#8221;no-repeat&#8221; bg_img_attach=&#8221;fixed&#8221; bg_override=&#8221;ex-full&#8221;][vc_column][\/vc_column][\/vc_row][vc_row][vc_column][vc_column_text] Za\u0142o\u017cenia konkursu [\/vc_column_text][vc_column_text]Konkurs OSOBOWO\u015a\u0106 ROKU ma na celu wyr\u00f3\u017cnienie i promowanie tw\u00f3rc\u00f3w wdro\u017conych, innowacyjnych rozwi\u0105za\u0144 i przedsi\u0119wzi\u0119\u0107 techniczo-gospodarczych oraz promocj\u0119 i popularyzowanie dorobku tw\u00f3rc\u00f3w techniki, nauki i nowoczesnej gospodarki. Nagroda OSOBOWO\u015a\u0106 ROKU ma uhonorowa\u0107 dzia\u0142alno\u015b\u0107 i aktywno\u015b\u0107 os\u00f3b fizycznych, kt\u00f3re przyczyni\u0142y si\u0119 do rozwoju bran\u017cy elektrotechnicznej, elektroenergetycznej, teletechnicznej [...]Read More\" \/>\n<meta property=\"og:url\" content=\"https:\/\/osobowoscroku.pl\/index.php\/zgloszenie\/\" \/>\n<meta property=\"og:site_name\" content=\"Osobowo\u015b\u0107 Roku\" \/>\n<meta property=\"article:modified_time\" content=\"2025-06-23T10:20:03+00:00\" \/>\n<meta name=\"twitter:card\" content=\"summary_large_image\" \/>\n<meta name=\"twitter:label1\" content=\"Szacowany czas czytania\" \/>\n\t<meta name=\"twitter:data1\" content=\"2 minuty\" \/>\n<script type=\"application\/ld+json\" class=\"yoast-schema-graph\">{\"@context\":\"https:\/\/schema.org\",\"@graph\":[{\"@type\":\"WebPage\",\"@id\":\"https:\/\/osobowoscroku.pl\/index.php\/zgloszenie\/\",\"url\":\"https:\/\/osobowoscroku.pl\/index.php\/zgloszenie\/\",\"name\":\"Zg\u0142oszenie - Osobowo\u015b\u0107 Roku\",\"isPartOf\":{\"@id\":\"https:\/\/osobowoscroku.pl\/#website\"},\"datePublished\":\"2019-10-24T10:51:10+00:00\",\"dateModified\":\"2025-06-23T10:20:03+00:00\",\"breadcrumb\":{\"@id\":\"https:\/\/osobowoscroku.pl\/index.php\/zgloszenie\/#breadcrumb\"},\"inLanguage\":\"pl-PL\",\"potentialAction\":[{\"@type\":\"ReadAction\",\"target\":[\"https:\/\/osobowoscroku.pl\/index.php\/zgloszenie\/\"]}]},{\"@type\":\"BreadcrumbList\",\"@id\":\"https:\/\/osobowoscroku.pl\/index.php\/zgloszenie\/#breadcrumb\",\"itemListElement\":[{\"@type\":\"ListItem\",\"position\":1,\"name\":\"Strona g\u0142\u00f3wna\",\"item\":\"https:\/\/osobowoscroku.pl\/\"},{\"@type\":\"ListItem\",\"position\":2,\"name\":\"Zg\u0142oszenie\"}]},{\"@type\":\"WebSite\",\"@id\":\"https:\/\/osobowoscroku.pl\/#website\",\"url\":\"https:\/\/osobowoscroku.pl\/\",\"name\":\"Osobowo\u015b\u0107 Roku\",\"description\":\"Celem konkursu jest szeroka promocja os\u00f3b, kt\u00f3re wnios\u0142y istotny wk\u0142ad w rozw\u00f3j i propagowanie nowych rozwi\u0105za\u0144, tak technicznych, jak i organizacyjnych oraz systemowych w zakresie elektrotechniki, elektroenergetyki, teletechniki i o\u015bwietlenia w Polsce, sprawienie, aby nie by\u0142y one anonimowe i mog\u0142y stanowi\u0107 wz\u00f3r do na\u015bladowania dla innych.\",\"publisher\":{\"@id\":\"https:\/\/osobowoscroku.pl\/#organization\"},\"potentialAction\":[{\"@type\":\"SearchAction\",\"target\":{\"@type\":\"EntryPoint\",\"urlTemplate\":\"https:\/\/osobowoscroku.pl\/?s={search_term_string}\"},\"query-input\":{\"@type\":\"PropertyValueSpecification\",\"valueRequired\":true,\"valueName\":\"search_term_string\"}}],\"inLanguage\":\"pl-PL\"},{\"@type\":\"Organization\",\"@id\":\"https:\/\/osobowoscroku.pl\/#organization\",\"name\":\"Osobowo\u015b\u0107 Roku\",\"url\":\"https:\/\/osobowoscroku.pl\/\",\"logo\":{\"@type\":\"ImageObject\",\"inLanguage\":\"pl-PL\",\"@id\":\"https:\/\/osobowoscroku.pl\/#\/schema\/logo\/image\/\",\"url\":\"http:\/\/osobowoscroku.pl\/wp-content\/uploads\/2019\/10\/logo-OR.png\",\"contentUrl\":\"http:\/\/osobowoscroku.pl\/wp-content\/uploads\/2019\/10\/logo-OR.png\",\"width\":230,\"height\":70,\"caption\":\"Osobowo\u015b\u0107 Roku\"},\"image\":{\"@id\":\"https:\/\/osobowoscroku.pl\/#\/schema\/logo\/image\/\"}}]}<\/script>\n<!-- \/ Yoast SEO plugin. -->","yoast_head_json":{"title":"Zg\u0142oszenie - Osobowo\u015b\u0107 Roku","robots":{"index":"index","follow":"follow","max-snippet":"max-snippet:-1","max-image-preview":"max-image-preview:large","max-video-preview":"max-video-preview:-1"},"canonical":"https:\/\/osobowoscroku.pl\/index.php\/zgloszenie\/","og_locale":"pl_PL","og_type":"article","og_title":"Zg\u0142oszenie - Osobowo\u015b\u0107 Roku","og_description":"[vc_row bg_type=&#8221;image&#8221; parallax_style=&#8221;vcpb-default&#8221; bg_image_new=&#8221;id^23|url^http:\/\/osobowoscroku.pl\/wp-content\/uploads\/2019\/10\/ludzie-kv.png|caption^null|alt^null|title^ludzie-kv|description^null&#8221; bg_image_repeat=&#8221;no-repeat&#8221; bg_img_attach=&#8221;fixed&#8221; bg_override=&#8221;ex-full&#8221;][vc_column][\/vc_column][\/vc_row][vc_row][vc_column][vc_column_text] Za\u0142o\u017cenia konkursu [\/vc_column_text][vc_column_text]Konkurs OSOBOWO\u015a\u0106 ROKU ma na celu wyr\u00f3\u017cnienie i promowanie tw\u00f3rc\u00f3w wdro\u017conych, innowacyjnych rozwi\u0105za\u0144 i przedsi\u0119wzi\u0119\u0107 techniczo-gospodarczych oraz promocj\u0119 i popularyzowanie dorobku tw\u00f3rc\u00f3w techniki, nauki i nowoczesnej gospodarki. Nagroda OSOBOWO\u015a\u0106 ROKU ma uhonorowa\u0107 dzia\u0142alno\u015b\u0107 i aktywno\u015b\u0107 os\u00f3b fizycznych, kt\u00f3re przyczyni\u0142y si\u0119 do rozwoju bran\u017cy elektrotechnicznej, elektroenergetycznej, teletechnicznej [...]Read More","og_url":"https:\/\/osobowoscroku.pl\/index.php\/zgloszenie\/","og_site_name":"Osobowo\u015b\u0107 Roku","article_modified_time":"2025-06-23T10:20:03+00:00","twitter_card":"summary_large_image","twitter_misc":{"Szacowany czas czytania":"2 minuty"},"schema":{"@context":"https:\/\/schema.org","@graph":[{"@type":"WebPage","@id":"https:\/\/osobowoscroku.pl\/index.php\/zgloszenie\/","url":"https:\/\/osobowoscroku.pl\/index.php\/zgloszenie\/","name":"Zg\u0142oszenie - Osobowo\u015b\u0107 Roku","isPartOf":{"@id":"https:\/\/osobowoscroku.pl\/#website"},"datePublished":"2019-10-24T10:51:10+00:00","dateModified":"2025-06-23T10:20:03+00:00","breadcrumb":{"@id":"https:\/\/osobowoscroku.pl\/index.php\/zgloszenie\/#breadcrumb"},"inLanguage":"pl-PL","potentialAction":[{"@type":"ReadAction","target":["https:\/\/osobowoscroku.pl\/index.php\/zgloszenie\/"]}]},{"@type":"BreadcrumbList","@id":"https:\/\/osobowoscroku.pl\/index.php\/zgloszenie\/#breadcrumb","itemListElement":[{"@type":"ListItem","position":1,"name":"Strona g\u0142\u00f3wna","item":"https:\/\/osobowoscroku.pl\/"},{"@type":"ListItem","position":2,"name":"Zg\u0142oszenie"}]},{"@type":"WebSite","@id":"https:\/\/osobowoscroku.pl\/#website","url":"https:\/\/osobowoscroku.pl\/","name":"Osobowo\u015b\u0107 Roku","description":"Celem konkursu jest szeroka promocja os\u00f3b, kt\u00f3re wnios\u0142y istotny wk\u0142ad w rozw\u00f3j i propagowanie nowych rozwi\u0105za\u0144, tak technicznych, jak i organizacyjnych oraz systemowych w zakresie elektrotechniki, elektroenergetyki, teletechniki i o\u015bwietlenia w Polsce, sprawienie, aby nie by\u0142y one anonimowe i mog\u0142y stanowi\u0107 wz\u00f3r do na\u015bladowania dla innych.","publisher":{"@id":"https:\/\/osobowoscroku.pl\/#organization"},"potentialAction":[{"@type":"SearchAction","target":{"@type":"EntryPoint","urlTemplate":"https:\/\/osobowoscroku.pl\/?s={search_term_string}"},"query-input":{"@type":"PropertyValueSpecification","valueRequired":true,"valueName":"search_term_string"}}],"inLanguage":"pl-PL"},{"@type":"Organization","@id":"https:\/\/osobowoscroku.pl\/#organization","name":"Osobowo\u015b\u0107 Roku","url":"https:\/\/osobowoscroku.pl\/","logo":{"@type":"ImageObject","inLanguage":"pl-PL","@id":"https:\/\/osobowoscroku.pl\/#\/schema\/logo\/image\/","url":"http:\/\/osobowoscroku.pl\/wp-content\/uploads\/2019\/10\/logo-OR.png","contentUrl":"http:\/\/osobowoscroku.pl\/wp-content\/uploads\/2019\/10\/logo-OR.png","width":230,"height":70,"caption":"Osobowo\u015b\u0107 Roku"},"image":{"@id":"https:\/\/osobowoscroku.pl\/#\/schema\/logo\/image\/"}}]}},"_links":{"self":[{"href":"https:\/\/osobowoscroku.pl\/index.php\/wp-json\/wp\/v2\/pages\/58","targetHints":{"allow":["GET"]}}],"collection":[{"href":"https:\/\/osobowoscroku.pl\/index.php\/wp-json\/wp\/v2\/pages"}],"about":[{"href":"https:\/\/osobowoscroku.pl\/index.php\/wp-json\/wp\/v2\/types\/page"}],"author":[{"embeddable":true,"href":"https:\/\/osobowoscroku.pl\/index.php\/wp-json\/wp\/v2\/users\/1"}],"replies":[{"embeddable":true,"href":"https:\/\/osobowoscroku.pl\/index.php\/wp-json\/wp\/v2\/comments?post=58"}],"version-history":[{"count":29,"href":"https:\/\/osobowoscroku.pl\/index.php\/wp-json\/wp\/v2\/pages\/58\/revisions"}],"predecessor-version":[{"id":535,"href":"https:\/\/osobowoscroku.pl\/index.php\/wp-json\/wp\/v2\/pages\/58\/revisions\/535"}],"wp:attachment":[{"href":"https:\/\/osobowoscroku.pl\/index.php\/wp-json\/wp\/v2\/media?parent=58"}],"curies":[{"name":"wp","href":"https:\/\/api.w.org\/{rel}","templated":true}]}}