{"id":9,"date":"2019-10-23T13:42:40","date_gmt":"2019-10-23T11:42:40","guid":{"rendered":"http:\/\/osobowoscroku.pl\/?page_id=9"},"modified":"2026-04-24T12:18:51","modified_gmt":"2026-04-24T10:18:51","slug":"osobowosc-roku","status":"publish","type":"page","link":"https:\/\/osobowoscroku.pl\/","title":{"rendered":"Konkurs Osobowo\u015b\u0107 Roku"},"content":{"rendered":"<div class=\"wpb-content-wrapper\"><p>[vc_row bg_type=&#8221;image&#8221; parallax_style=&#8221;vcpb-default&#8221; bg_image_new=&#8221;id^23|url^http:\/\/osobowoscroku.pl\/wp-content\/uploads\/2019\/10\/ludzie-kv.png|caption^null|alt^null|title^ludzie-kv|description^null&#8221; bg_image_repeat=&#8221;no-repeat&#8221; bg_img_attach=&#8221;fixed&#8221; bg_override=&#8221;ex-full&#8221;][vc_column]<div class=\"ult-spacer spacer-6a078145d49e9\" data-id=\"6a078145d49e9\" data-height=\"200\" data-height-mobile=\"80\" data-height-tab=\"\" data-height-tab-portrait=\"\" data-height-mobile-landscape=\"\" style=\"clear:both;display:block;\"><\/div><div id=\"ultimate-heading-61696a078145d4a2e\" class=\"uvc-heading ult-adjust-bottom-margin ultimate-heading-61696a078145d4a2e uvc-207 \" data-hspacer=\"no_spacer\"  data-halign=\"center\" style=\"text-align:center\"><div class=\"uvc-heading-spacer no_spacer\" style=\"top\"><\/div><div class=\"uvc-main-heading ult-responsive\"  data-ultimate-target='.uvc-heading.ultimate-heading-61696a078145d4a2e h1'  data-responsive-json-new='{\"font-size\":\"desktop:70px;tablet:70px;tablet_portrait:60px;mobile_landscape:50px;mobile:50px;\",\"line-height\":\"desktop:70px;tablet:70px;tablet_portrait:60px;mobile_landscape:50px;mobile:50px;\"}' ><h1 style=\"font-family:&#039;Montserrat&#039;;font-weight:900;color:#ffffff;\">Konkurs Osobowo\u015b\u0107 Roku<\/h1><\/div><\/div><div class=\"ult-spacer spacer-6a078145d4a6d\" data-id=\"6a078145d4a6d\" data-height=\"200\" data-height-mobile=\"100\" data-height-tab=\"\" data-height-tab-portrait=\"\" data-height-mobile-landscape=\"\" style=\"clear:both;display:block;\"><\/div>[\/vc_column][\/vc_row][vc_row][vc_column]<div class=\"ult-spacer spacer-6a078145d4a78\" data-id=\"6a078145d4a78\" data-height=\"50\" data-height-mobile=\"0\" data-height-tab=\"\" data-height-tab-portrait=\"\" data-height-mobile-landscape=\"\" style=\"clear:both;display:block;\"><\/div>[vc_column_text css=&#8221;&#8221;]<\/p>\n<h2><strong>Konkurs Osobowo\u015b\u0107 Roku 2026 &#8211; nowa edycja<\/strong><\/h2>\n<p>[\/vc_column_text]<div class=\"ult-spacer spacer-6a078145d4a81\" data-id=\"6a078145d4a81\" data-height=\"50\" data-height-mobile=\"50\" data-height-tab=\"50\" data-height-tab-portrait=\"\" data-height-mobile-landscape=\"\" style=\"clear:both;display:block;\"><\/div>[vc_btn title=&#8221;Osobowo\u015b\u0107 Roku 2026&#8243; style=&#8221;gradient&#8221; size=&#8221;lg&#8221; align=&#8221;center&#8221; css=&#8221;&#8221; link=&#8221;url:https%3A%2F%2Fosobowoscroku.pl%2Findex.php%2Fzgloszenie%2F|title:Rozstrzygni%C4%99cie%20Osobowo%C5%9B%C4%87%20roku%202022|target:_blank&#8221;][\/vc_column][\/vc_row][vc_row][vc_column]<div class=\"ult-spacer spacer-6a078145d4a89\" data-id=\"6a078145d4a89\" data-height=\"50\" data-height-mobile=\"0\" data-height-tab=\"\" data-height-tab-portrait=\"\" data-height-mobile-landscape=\"\" style=\"clear:both;display:block;\"><\/div>[vc_column_text]<\/p>\n<p>Celem konkursu jest szeroka promocja os\u00f3b, kt\u00f3re wnios\u0142y istotny wk\u0142ad w rozw\u00f3j i propagowanie nowych rozwi\u0105za\u0144, tak technicznych, jak i organizacyjnych oraz systemowych w zakresie elektrotechniki, elektroenergetyki, teletechniki i o\u015bwietlenia w Polsce, sprawienie, aby nie by\u0142y one anonimowe i mog\u0142y stanowi\u0107 wz\u00f3r do na\u015bladowania dla innych.<\/p>\n<p>Nagroda ma za zadanie uhonorowanie dzia\u0142alno\u015bci os\u00f3b fizycznych, kt\u00f3re przyczyni\u0142y si\u0119 do rozwoju bran\u017cy elektrotechnicznej, elektroenergetycznej, teletechnicznej i o\u015bwietleniowej poprzez swoj\u0105 dzia\u0142alno\u015b\u0107 w obszarze nauki, przemys\u0142u, us\u0142ug, popularyzacji wiedzy a tak\u017ce prawa, normalizacji i kszta\u0142towania przedsi\u0119biorczo\u015bci w Polsce.<\/p>\n<p>Tytu\u0142 ma charakter honorowy i nadawany jest corocznie osobom fizycznym w trzech kategoriach: nauka, gospodarka, otoczenie biznesu[\/vc_column_text]<div class=\"ult-spacer spacer-6a078145d4a91\" data-id=\"6a078145d4a91\" data-height=\"50\" data-height-mobile=\"50\" data-height-tab=\"50\" data-height-tab-portrait=\"\" data-height-mobile-landscape=\"\" style=\"clear:both;display:block;\"><\/div>[\/vc_column][\/vc_row][vc_row bg_type=&#8221;grad&#8221; bg_grad=&#8221;background: -webkit-gradient(linear, left top, left bottom, color-stop(0%, #D96AD9), color-stop(100%, #8F22B3));background: -moz-linear-gradient(top,#D96AD9 0%,#8F22B3 100%);background: -webkit-linear-gradient(top,#D96AD9 0%,#8F22B3 100%);background: -o-linear-gradient(top,#D96AD9 0%,#8F22B3 100%);background: -ms-linear-gradient(top,#D96AD9 0%,#8F22B3 100%);background: linear-gradient(top,#D96AD9 0%,#8F22B3 100%);&#8221;][vc_column]<div class=\"ult-spacer spacer-6a078145d4a98\" data-id=\"6a078145d4a98\" data-height=\"50\" data-height-mobile=\"0\" data-height-tab=\"\" data-height-tab-portrait=\"\" data-height-mobile-landscape=\"\" style=\"clear:both;display:block;\"><\/div><div id=\"ultimate-heading-54526a078145d4aae\" class=\"uvc-heading ult-adjust-bottom-margin ultimate-heading-54526a078145d4aae uvc-7848 \" data-hspacer=\"no_spacer\"  data-halign=\"center\" style=\"text-align:center\"><div class=\"uvc-heading-spacer no_spacer\" style=\"top\"><\/div><div class=\"uvc-main-heading ult-responsive\"  data-ultimate-target='.uvc-heading.ultimate-heading-54526a078145d4aae h2'  data-responsive-json-new='{\"font-size\":\"desktop:42px;tablet:42px;tablet_portrait:36px;mobile_landscape:36px;mobile:24px;\",\"line-height\":\"desktop:48px;tablet:48px;tablet_portrait:42px;mobile_landscape:42px;mobile:30px;\"}' ><h2 style=\"font-family:&#039;Montserrat&#039;;font-weight:800;color:#ffffff;\">Tematyka Konkursu obejmuje innowacyjne rozwi\u0105zania naukowe, techniczne i organizacyjne wdro\u017cone w ostatnich latach<\/h2><\/div><\/div><div class=\"ult-spacer spacer-6a078145d4ad4\" data-id=\"6a078145d4ad4\" data-height=\"50\" data-height-mobile=\"30\" data-height-tab=\"\" data-height-tab-portrait=\"\" data-height-mobile-landscape=\"\" style=\"clear:both;display:block;\"><\/div>[\/vc_column][\/vc_row][vc_row][vc_column]<div class=\"ult-spacer spacer-6a078145d4add\" data-id=\"6a078145d4add\" data-height=\"50\" data-height-mobile=\"50\" data-height-tab=\"50\" data-height-tab-portrait=\"\" data-height-mobile-landscape=\"\" style=\"clear:both;display:block;\"><\/div>[vc_column_text][\/vc_column_text][vc_column_text][\/vc_column_text][\/vc_column][\/vc_row][vc_row][vc_column]<div class=\"ult-spacer spacer-6a078145d4ae4\" data-id=\"6a078145d4ae4\" data-height=\"50\" data-height-mobile=\"50\" data-height-tab=\"50\" data-height-tab-portrait=\"\" data-height-mobile-landscape=\"\" style=\"clear:both;display:block;\"><\/div>[vc_row_inner content_placement=&#8221;middle&#8221; gap=&#8221;20&#8243;][vc_column_inner width=&#8221;1\/2&#8243;][vc_single_image image=&#8221;139&#8243; img_size=&#8221;full&#8221;][\/vc_column_inner][vc_column_inner width=&#8221;1\/2&#8243;][vc_column_text css=&#8221;&#8221;]Uroczyste wr\u0119czenie nagr\u00f3d i oficjalne og\u0142oszenie wynik\u00f3w Konkursu odb\u0119dzie si\u0119 podczas Light and Electricity Trade Show 2027 (dawniej Mi\u0119dzynarodowe Targi \u015aWIAT\u0141O i Mi\u0119dzynarodowe Targi ELEKTROTECHNIKA) w Warszawie.[\/vc_column_text][vc_btn title=&#8221;Dowiedz si\u0119 wi\u0119cej o szczeg\u00f3\u0142ach konkursu&#8221; style=&#8221;gradient&#8221; gradient_color_1=&#8221;violet&#8221; gradient_color_2=&#8221;sky&#8221; shape=&#8221;round&#8221; size=&#8221;lg&#8221; align=&#8221;left&#8221; link=&#8221;url:http%3A%2F%2Fosobowoscroku.pl%2Findex.php%2Fzgloszenie%2F|title:Zg%C5%82oszenie||&#8221;][\/vc_column_inner][\/vc_row_inner][vc_column_text][\/vc_column_text][\/vc_column][\/vc_row][vc_row][vc_column]<div class=\"ult-spacer spacer-6a078145d4ae9\" data-id=\"6a078145d4ae9\" data-height=\"50\" data-height-mobile=\"50\" data-height-tab=\"50\" data-height-tab-portrait=\"\" data-height-mobile-landscape=\"\" style=\"clear:both;display:block;\"><\/div>[vc_column_text]<\/p>\n<h3>Organizatorzy:<\/h3>\n<p>[\/vc_column_text][vc_single_image image=&#8221;289&#8243; img_size=&#8221;full&#8221;][\/vc_column][\/vc_row]<\/p>\n<\/div>","protected":false},"excerpt":{"rendered":"<p class=\"card-text\">[vc_row bg_type=&#8221;image&#8221; parallax_style=&#8221;vcpb-default&#8221; bg_image_new=&#8221;id^23|url^http:\/\/osobowoscroku.pl\/wp-content\/uploads\/2019\/10\/ludzie-kv.png|caption^null|alt^null|title^ludzie-kv|description^null&#8221; bg_image_repeat=&#8221;no-repeat&#8221; bg_img_attach=&#8221;fixed&#8221; bg_override=&#8221;ex-full&#8221;][vc_column][\/vc_column][\/vc_row][vc_row][vc_column][vc_column_text css=&#8221;&#8221;] Konkurs Osobowo\u015b\u0107 Roku 2026 &#8211; nowa edycja [\/vc_column_text][vc_btn title=&#8221;Osobowo\u015b\u0107 Roku 2026&#8243; style=&#8221;gradient&#8221; size=&#8221;lg&#8221; align=&#8221;center&#8221; css=&#8221;&#8221; link=&#8221;url:https%3A%2F%2Fosobowoscroku.pl%2Findex.php%2Fzgloszenie%2F|title:Rozstrzygni%C4%99cie%20Osobowo%C5%9B%C4%87%20roku%202022|target:_blank&#8221;][\/vc_column][\/vc_row][vc_row][vc_column][vc_column_text] Celem konkursu jest szeroka promocja os\u00f3b, kt\u00f3re wnios\u0142y istotny wk\u0142ad w rozw\u00f3j i propagowanie nowych rozwi\u0105za\u0144, tak technicznych, jak i organizacyjnych oraz systemowych w zakresie elektrotechniki, elektroenergetyki, teletechniki i o\u015bwietlenia w [&#8230;]<\/p>\n<p class=\"m-0\"><a class=\"btn btn-outline-secondary btn-read-more\" href=\"https:\/\/osobowoscroku.pl\/\">Read More<\/a><\/p>\n","protected":false},"author":1,"featured_media":0,"parent":0,"menu_order":0,"comment_status":"closed","ping_status":"closed","template":"","meta":{"footnotes":""},"class_list":["post-9","page","type-page","status-publish","hentry"],"yoast_head":"<!-- This site is optimized with the Yoast SEO plugin v25.9 - https:\/\/yoast.com\/wordpress\/plugins\/seo\/ -->\n<title>Konkurs Osobowo\u015b\u0107 Roku<\/title>\n<meta name=\"description\" content=\"Celem konkursu jest szeroka promocja os\u00f3b, kt\u00f3re wnios\u0142y istotny wk\u0142ad w rozw\u00f3j i propagowanie nowych rozwi\u0105za\u0144, tak technicznych, jak i organizacyjnych oraz systemowych w zakresie elektrotechniki, elektroenergetyki, teletechniki i o\u015bwietlenia w Polsce\" \/>\n<meta name=\"robots\" content=\"index, follow, max-snippet:-1, max-image-preview:large, max-video-preview:-1\" \/>\n<link rel=\"canonical\" href=\"https:\/\/osobowoscroku.pl\/\" \/>\n<meta property=\"og:locale\" content=\"pl_PL\" \/>\n<meta property=\"og:type\" content=\"article\" \/>\n<meta property=\"og:title\" content=\"Konkurs Osobowo\u015b\u0107 Roku\" \/>\n<meta property=\"og:description\" content=\"Celem konkursu jest szeroka promocja os\u00f3b, kt\u00f3re wnios\u0142y istotny wk\u0142ad w rozw\u00f3j i propagowanie nowych rozwi\u0105za\u0144, tak technicznych, jak i organizacyjnych oraz systemowych w zakresie elektrotechniki, elektroenergetyki, teletechniki i o\u015bwietlenia w Polsce\" \/>\n<meta property=\"og:url\" content=\"https:\/\/osobowoscroku.pl\/\" \/>\n<meta property=\"og:site_name\" content=\"Osobowo\u015b\u0107 Roku\" \/>\n<meta property=\"article:modified_time\" content=\"2026-04-24T10:18:51+00:00\" \/>\n<meta name=\"twitter:card\" content=\"summary_large_image\" \/>\n<meta name=\"twitter:label1\" content=\"Szacowany czas czytania\" \/>\n\t<meta name=\"twitter:data1\" content=\"2 minuty\" \/>\n<script type=\"application\/ld+json\" class=\"yoast-schema-graph\">{\"@context\":\"https:\/\/schema.org\",\"@graph\":[{\"@type\":\"WebPage\",\"@id\":\"https:\/\/osobowoscroku.pl\/\",\"url\":\"https:\/\/osobowoscroku.pl\/\",\"name\":\"Konkurs Osobowo\u015b\u0107 Roku\",\"isPartOf\":{\"@id\":\"https:\/\/osobowoscroku.pl\/#website\"},\"datePublished\":\"2019-10-23T11:42:40+00:00\",\"dateModified\":\"2026-04-24T10:18:51+00:00\",\"description\":\"Celem konkursu jest szeroka promocja os\u00f3b, kt\u00f3re wnios\u0142y istotny wk\u0142ad w rozw\u00f3j i propagowanie nowych rozwi\u0105za\u0144, tak technicznych, jak i organizacyjnych oraz systemowych w zakresie elektrotechniki, elektroenergetyki, teletechniki i o\u015bwietlenia w Polsce\",\"breadcrumb\":{\"@id\":\"https:\/\/osobowoscroku.pl\/#breadcrumb\"},\"inLanguage\":\"pl-PL\",\"potentialAction\":[{\"@type\":\"ReadAction\",\"target\":[\"https:\/\/osobowoscroku.pl\/\"]}]},{\"@type\":\"BreadcrumbList\",\"@id\":\"https:\/\/osobowoscroku.pl\/#breadcrumb\",\"itemListElement\":[{\"@type\":\"ListItem\",\"position\":1,\"name\":\"Strona g\u0142\u00f3wna\",\"item\":\"https:\/\/osobowoscroku.pl\/\"},{\"@type\":\"ListItem\",\"position\":2,\"name\":\"Konkurs Osobowo\u015b\u0107 Roku\"}]},{\"@type\":\"WebSite\",\"@id\":\"https:\/\/osobowoscroku.pl\/#website\",\"url\":\"https:\/\/osobowoscroku.pl\/\",\"name\":\"Osobowo\u015b\u0107 Roku\",\"description\":\"Celem konkursu jest szeroka promocja os\u00f3b, kt\u00f3re wnios\u0142y istotny wk\u0142ad w rozw\u00f3j i propagowanie nowych rozwi\u0105za\u0144, tak technicznych, jak i organizacyjnych oraz systemowych w zakresie elektrotechniki, elektroenergetyki, teletechniki i o\u015bwietlenia w Polsce, sprawienie, aby nie by\u0142y one anonimowe i mog\u0142y stanowi\u0107 wz\u00f3r do na\u015bladowania dla innych.\",\"publisher\":{\"@id\":\"https:\/\/osobowoscroku.pl\/#organization\"},\"potentialAction\":[{\"@type\":\"SearchAction\",\"target\":{\"@type\":\"EntryPoint\",\"urlTemplate\":\"https:\/\/osobowoscroku.pl\/?s={search_term_string}\"},\"query-input\":{\"@type\":\"PropertyValueSpecification\",\"valueRequired\":true,\"valueName\":\"search_term_string\"}}],\"inLanguage\":\"pl-PL\"},{\"@type\":\"Organization\",\"@id\":\"https:\/\/osobowoscroku.pl\/#organization\",\"name\":\"Osobowo\u015b\u0107 Roku\",\"url\":\"https:\/\/osobowoscroku.pl\/\",\"logo\":{\"@type\":\"ImageObject\",\"inLanguage\":\"pl-PL\",\"@id\":\"https:\/\/osobowoscroku.pl\/#\/schema\/logo\/image\/\",\"url\":\"http:\/\/osobowoscroku.pl\/wp-content\/uploads\/2019\/10\/logo-OR.png\",\"contentUrl\":\"http:\/\/osobowoscroku.pl\/wp-content\/uploads\/2019\/10\/logo-OR.png\",\"width\":230,\"height\":70,\"caption\":\"Osobowo\u015b\u0107 Roku\"},\"image\":{\"@id\":\"https:\/\/osobowoscroku.pl\/#\/schema\/logo\/image\/\"}}]}<\/script>\n<!-- \/ Yoast SEO plugin. -->","yoast_head_json":{"title":"Konkurs Osobowo\u015b\u0107 Roku","description":"Celem konkursu jest szeroka promocja os\u00f3b, kt\u00f3re wnios\u0142y istotny wk\u0142ad w rozw\u00f3j i propagowanie nowych rozwi\u0105za\u0144, tak technicznych, jak i organizacyjnych oraz systemowych w zakresie elektrotechniki, elektroenergetyki, teletechniki i o\u015bwietlenia w Polsce","robots":{"index":"index","follow":"follow","max-snippet":"max-snippet:-1","max-image-preview":"max-image-preview:large","max-video-preview":"max-video-preview:-1"},"canonical":"https:\/\/osobowoscroku.pl\/","og_locale":"pl_PL","og_type":"article","og_title":"Konkurs Osobowo\u015b\u0107 Roku","og_description":"Celem konkursu jest szeroka promocja os\u00f3b, kt\u00f3re wnios\u0142y istotny wk\u0142ad w rozw\u00f3j i propagowanie nowych rozwi\u0105za\u0144, tak technicznych, jak i organizacyjnych oraz systemowych w zakresie elektrotechniki, elektroenergetyki, teletechniki i o\u015bwietlenia w Polsce","og_url":"https:\/\/osobowoscroku.pl\/","og_site_name":"Osobowo\u015b\u0107 Roku","article_modified_time":"2026-04-24T10:18:51+00:00","twitter_card":"summary_large_image","twitter_misc":{"Szacowany czas czytania":"2 minuty"},"schema":{"@context":"https:\/\/schema.org","@graph":[{"@type":"WebPage","@id":"https:\/\/osobowoscroku.pl\/","url":"https:\/\/osobowoscroku.pl\/","name":"Konkurs Osobowo\u015b\u0107 Roku","isPartOf":{"@id":"https:\/\/osobowoscroku.pl\/#website"},"datePublished":"2019-10-23T11:42:40+00:00","dateModified":"2026-04-24T10:18:51+00:00","description":"Celem konkursu jest szeroka promocja os\u00f3b, kt\u00f3re wnios\u0142y istotny wk\u0142ad w rozw\u00f3j i propagowanie nowych rozwi\u0105za\u0144, tak technicznych, jak i organizacyjnych oraz systemowych w zakresie elektrotechniki, elektroenergetyki, teletechniki i o\u015bwietlenia w Polsce","breadcrumb":{"@id":"https:\/\/osobowoscroku.pl\/#breadcrumb"},"inLanguage":"pl-PL","potentialAction":[{"@type":"ReadAction","target":["https:\/\/osobowoscroku.pl\/"]}]},{"@type":"BreadcrumbList","@id":"https:\/\/osobowoscroku.pl\/#breadcrumb","itemListElement":[{"@type":"ListItem","position":1,"name":"Strona g\u0142\u00f3wna","item":"https:\/\/osobowoscroku.pl\/"},{"@type":"ListItem","position":2,"name":"Konkurs Osobowo\u015b\u0107 Roku"}]},{"@type":"WebSite","@id":"https:\/\/osobowoscroku.pl\/#website","url":"https:\/\/osobowoscroku.pl\/","name":"Osobowo\u015b\u0107 Roku","description":"Celem konkursu jest szeroka promocja os\u00f3b, kt\u00f3re wnios\u0142y istotny wk\u0142ad w rozw\u00f3j i propagowanie nowych rozwi\u0105za\u0144, tak technicznych, jak i organizacyjnych oraz systemowych w zakresie elektrotechniki, elektroenergetyki, teletechniki i o\u015bwietlenia w Polsce, sprawienie, aby nie by\u0142y one anonimowe i mog\u0142y stanowi\u0107 wz\u00f3r do na\u015bladowania dla innych.","publisher":{"@id":"https:\/\/osobowoscroku.pl\/#organization"},"potentialAction":[{"@type":"SearchAction","target":{"@type":"EntryPoint","urlTemplate":"https:\/\/osobowoscroku.pl\/?s={search_term_string}"},"query-input":{"@type":"PropertyValueSpecification","valueRequired":true,"valueName":"search_term_string"}}],"inLanguage":"pl-PL"},{"@type":"Organization","@id":"https:\/\/osobowoscroku.pl\/#organization","name":"Osobowo\u015b\u0107 Roku","url":"https:\/\/osobowoscroku.pl\/","logo":{"@type":"ImageObject","inLanguage":"pl-PL","@id":"https:\/\/osobowoscroku.pl\/#\/schema\/logo\/image\/","url":"http:\/\/osobowoscroku.pl\/wp-content\/uploads\/2019\/10\/logo-OR.png","contentUrl":"http:\/\/osobowoscroku.pl\/wp-content\/uploads\/2019\/10\/logo-OR.png","width":230,"height":70,"caption":"Osobowo\u015b\u0107 Roku"},"image":{"@id":"https:\/\/osobowoscroku.pl\/#\/schema\/logo\/image\/"}}]}},"_links":{"self":[{"href":"https:\/\/osobowoscroku.pl\/index.php\/wp-json\/wp\/v2\/pages\/9","targetHints":{"allow":["GET"]}}],"collection":[{"href":"https:\/\/osobowoscroku.pl\/index.php\/wp-json\/wp\/v2\/pages"}],"about":[{"href":"https:\/\/osobowoscroku.pl\/index.php\/wp-json\/wp\/v2\/types\/page"}],"author":[{"embeddable":true,"href":"https:\/\/osobowoscroku.pl\/index.php\/wp-json\/wp\/v2\/users\/1"}],"replies":[{"embeddable":true,"href":"https:\/\/osobowoscroku.pl\/index.php\/wp-json\/wp\/v2\/comments?post=9"}],"version-history":[{"count":93,"href":"https:\/\/osobowoscroku.pl\/index.php\/wp-json\/wp\/v2\/pages\/9\/revisions"}],"predecessor-version":[{"id":576,"href":"https:\/\/osobowoscroku.pl\/index.php\/wp-json\/wp\/v2\/pages\/9\/revisions\/576"}],"wp:attachment":[{"href":"https:\/\/osobowoscroku.pl\/index.php\/wp-json\/wp\/v2\/media?parent=9"}],"curies":[{"name":"wp","href":"https:\/\/api.w.org\/{rel}","templated":true}]}}